{"id":143,"date":"2018-05-06T09:50:51","date_gmt":"2018-05-06T07:50:51","guid":{"rendered":"https:\/\/www.itprolab.de\/modul\/?page_id=143"},"modified":"2018-11-29T21:53:36","modified_gmt":"2018-11-29T20:53:36","slug":"formatierung","status":"publish","type":"page","link":"https:\/\/modul.ide3.de\/?page_id=143","title":{"rendered":"Formatierung"},"content":{"rendered":"<h4>Formatierung<\/h4>\n<p>Die Felder 24-28:<\/p>\n<ul>\n<li>Lernziele \/ Kompetenzen<\/li>\n<li>Lerninhalte<\/li>\n<li>Lehrmethoden<\/li>\n<li>Bezug zu anderen F\u00e4chern<\/li>\n<li>Literatur<\/li>\n<\/ul>\n<p>enthalten zwei Formatierungsfunktionen.<\/p>\n<ol>\n<li style=\"list-style-type: none;\">\n<ol>\n<li>Manueller Zeilenumbruch<br \/>\nIn einigen F\u00e4llen kann es aufgrund der automatischen Worttrennung<br \/>\nund eines Zeilenumbruches zu unsch\u00f6nen Formatierungen kommen.<br \/>\nDas Sonderzeichen &#8222;\\\\&#8220; (doppelter Backslash) f\u00fcgt einen manuellen<br \/>\nZeilenumbruch ein.<\/li>\n<li>Aufz\u00e4hlungen mit\u00a0\u2022\u00a0\u2022\u00a0\u2022<br \/>\nBeginnt eine Zeile in den Feldern 24-28 mit der Zeichenfolge &#8222;- &#8220;<br \/>\n(einfacher Bindestrich, gefolgt von einem Leerzeichen), so werden diese<br \/>\nund alle folgenden Zeilen als einger\u00fcckte Aufz\u00e4hlung mit &#8222;\u2022&#8220;\u00a0formatiert.<\/li>\n<li>Sonderzeichen<br \/>\nUmlaute k\u00f6nnen in LaTeX Notation eingegeben werden, Beispiele:<br \/>\n\u0161 \u00a0: \u00a0\\v{s}<br \/>\n\u00e7 \u00a0: \u00a0\\c{c}<br \/>\n\u00f5 \u00a0: \u00a0\\~{o}<br \/>\nweitere Sonderzeichen finden Sie <a href=\"https:\/\/de.wikibooks.org\/wiki\/LaTeX\/_Akzente_und_Sonderzeichen\">hier<\/a><\/li>\n<li>Einfache Formatierung mit LaTeX Kommandos (Bsp.: {\\em Kursiver Text}) ist m\u00f6glich.<br \/>\nDer &#8222;Mathe-Modus&#8220; ($&#8230;$) wird nicht unterst\u00fctzt.<\/li>\n<\/ol>\n<\/li>\n<\/ol>\n<p>&nbsp;<\/p>\n","protected":false},"excerpt":{"rendered":"<p>Formatierung Die Felder 24-28: Lernziele \/ Kompetenzen Lerninhalte Lehrmethoden Bezug zu anderen F\u00e4chern Literatur enthalten zwei Formatierungsfunktionen. Manueller Zeilenumbruch In einigen F\u00e4llen kann es aufgrund der automatischen Worttrennung und eines Zeilenumbruches zu unsch\u00f6nen Formatierungen kommen. Das Sonderzeichen &#8222;\\\\&#8220; (doppelter Backslash) f\u00fcgt einen manuellen Zeilenumbruch ein. Aufz\u00e4hlungen mit\u00a0\u2022\u00a0\u2022\u00a0\u2022 Beginnt eine Zeile in den Feldern 24-28 mit &hellip; <a href=\"https:\/\/modul.ide3.de\/?page_id=143\" class=\"more-link\"><span class=\"screen-reader-text\">&#8222;Formatierung&#8220; <\/span>weiterlesen<\/a><\/p>\n","protected":false},"author":2,"featured_media":0,"parent":0,"menu_order":0,"comment_status":"closed","ping_status":"closed","template":"","meta":[],"_links":{"self":[{"href":"https:\/\/modul.ide3.de\/index.php?rest_route=\/wp\/v2\/pages\/143"}],"collection":[{"href":"https:\/\/modul.ide3.de\/index.php?rest_route=\/wp\/v2\/pages"}],"about":[{"href":"https:\/\/modul.ide3.de\/index.php?rest_route=\/wp\/v2\/types\/page"}],"author":[{"embeddable":true,"href":"https:\/\/modul.ide3.de\/index.php?rest_route=\/wp\/v2\/users\/2"}],"replies":[{"embeddable":true,"href":"https:\/\/modul.ide3.de\/index.php?rest_route=%2Fwp%2Fv2%2Fcomments&post=143"}],"version-history":[{"count":13,"href":"https:\/\/modul.ide3.de\/index.php?rest_route=\/wp\/v2\/pages\/143\/revisions"}],"predecessor-version":[{"id":261,"href":"https:\/\/modul.ide3.de\/index.php?rest_route=\/wp\/v2\/pages\/143\/revisions\/261"}],"wp:attachment":[{"href":"https:\/\/modul.ide3.de\/index.php?rest_route=%2Fwp%2Fv2%2Fmedia&parent=143"}],"curies":[{"name":"wp","href":"https:\/\/api.w.org\/{rel}","templated":true}]}}